{"id":256,"date":"2025-11-27T12:02:48","date_gmt":"2025-11-27T11:02:48","guid":{"rendered":"https:\/\/granzuccheri.it\/?page_id=256"},"modified":"2026-03-09T17:43:16","modified_gmt":"2026-03-09T16:43:16","slug":"home","status":"publish","type":"page","link":"https:\/\/granzuccheri.it\/","title":{"rendered":"Home"},"content":{"rendered":"\t\t<div data-elementor-type=\"wp-page\" data-elementor-id=\"256\" class=\"elementor elementor-256\" data-elementor-post-type=\"page\">\n\t\t\t\t<div class=\"elementor-element elementor-element-c38b6c0 e-flex e-con-boxed jltma-glass-effect-no e-con e-parent\" data-id=\"c38b6c0\" data-element_type=\"container\">\n\t\t\t\t\t<div class=\"e-con-inner\">\n\t\t<div class=\"elementor-element elementor-element-f7903dc e-con-full e-flex jltma-glass-effect-no e-con e-child\" data-id=\"f7903dc\" data-element_type=\"container\">\n\t\t\t\t<div class=\"elementor-element elementor-element-e11753d jltma-glass-effect-no elementor-widget elementor-widget-image\" data-id=\"e11753d\" data-element_type=\"widget\" data-settings=\"{&quot;motion_fx_motion_fx_mouse&quot;:&quot;yes&quot;,&quot;motion_fx_tilt_effect&quot;:&quot;yes&quot;,&quot;motion_fx_tilt_direction&quot;:&quot;negative&quot;,&quot;motion_fx_tilt_speed&quot;:{&quot;unit&quot;:&quot;px&quot;,&quot;size&quot;:4,&quot;sizes&quot;:[]}}\" data-widget_type=\"image.default\">\n\t\t\t\t\t\t\t\t\t\t\t\t\t\t\t<img decoding=\"async\" width=\"140\" height=\"57\" src=\"https:\/\/granzuccheri.it\/wp-content\/uploads\/2025\/11\/gran_zuccheri_logo.png\" class=\"attachment-2048x2048 size-2048x2048 wp-image-265\" alt=\"\" \/>\t\t\t\t\t\t\t\t\t\t\t\t\t\t\t<\/div>\n\t\t\t\t<\/div>\n\t\t<div class=\"elementor-element elementor-element-f999839 e-con-full e-flex jltma-glass-effect-no e-con e-child\" data-id=\"f999839\" data-element_type=\"container\">\n\t\t\t\t<div class=\"elementor-element elementor-element-62cdeb4 jltma-glass-effect-no elementor-widget elementor-widget-heading\" data-id=\"62cdeb4\" data-element_type=\"widget\" data-widget_type=\"heading.default\">\n\t\t\t\t\t<h4 class=\"elementor-heading-title elementor-size-default\">Zucchero Ser\u00e0 <br>Zucchero fino e zucchero a velo per industria, GDO, distributori e supermercati.<\/h4>\t\t\t\t<\/div>\n\t\t\t\t<\/div>\n\t\t\t\t\t<\/div>\n\t\t\t\t<\/div>\n\t\t<div class=\"elementor-element elementor-element-8ef02e1 e-flex e-con-boxed jltma-glass-effect-no e-con e-parent\" data-id=\"8ef02e1\" data-element_type=\"container\">\n\t\t\t\t\t<div class=\"e-con-inner\">\n\t\t\t\t<div class=\"elementor-element elementor-element-01123a6 e-transform e-transform elementor-widget__width-initial jltma-glass-effect-no elementor-widget elementor-widget-image\" data-id=\"01123a6\" data-element_type=\"widget\" data-settings=\"{&quot;_transform_translateX_effect&quot;:{&quot;unit&quot;:&quot;px&quot;,&quot;size&quot;:&quot;&quot;,&quot;sizes&quot;:[]},&quot;_transform_translateX_effect_tablet&quot;:{&quot;unit&quot;:&quot;px&quot;,&quot;size&quot;:&quot;&quot;,&quot;sizes&quot;:[]},&quot;_transform_translateX_effect_mobile&quot;:{&quot;unit&quot;:&quot;px&quot;,&quot;size&quot;:&quot;&quot;,&quot;sizes&quot;:[]},&quot;_transform_translateY_effect&quot;:{&quot;unit&quot;:&quot;px&quot;,&quot;size&quot;:&quot;&quot;,&quot;sizes&quot;:[]},&quot;_transform_translateY_effect_tablet&quot;:{&quot;unit&quot;:&quot;px&quot;,&quot;size&quot;:&quot;&quot;,&quot;sizes&quot;:[]},&quot;_transform_translateY_effect_mobile&quot;:{&quot;unit&quot;:&quot;px&quot;,&quot;size&quot;:&quot;&quot;,&quot;sizes&quot;:[]},&quot;_transform_scaleX_effect&quot;:{&quot;unit&quot;:&quot;px&quot;,&quot;size&quot;:&quot;&quot;,&quot;sizes&quot;:[]},&quot;_transform_scaleX_effect_tablet&quot;:{&quot;unit&quot;:&quot;px&quot;,&quot;size&quot;:&quot;&quot;,&quot;sizes&quot;:[]},&quot;_transform_scaleX_effect_mobile&quot;:{&quot;unit&quot;:&quot;px&quot;,&quot;size&quot;:&quot;&quot;,&quot;sizes&quot;:[]},&quot;_transform_scaleY_effect&quot;:{&quot;unit&quot;:&quot;px&quot;,&quot;size&quot;:&quot;&quot;,&quot;sizes&quot;:[]},&quot;_transform_scaleY_effect_tablet&quot;:{&quot;unit&quot;:&quot;px&quot;,&quot;size&quot;:&quot;&quot;,&quot;sizes&quot;:[]},&quot;_transform_scaleY_effect_mobile&quot;:{&quot;unit&quot;:&quot;px&quot;,&quot;size&quot;:&quot;&quot;,&quot;sizes&quot;:[]}}\" data-widget_type=\"image.default\">\n\t\t\t\t\t\t\t\t\t\t\t\t\t\t\t<img fetchpriority=\"high\" decoding=\"async\" width=\"2026\" height=\"1014\" src=\"https:\/\/granzuccheri.it\/wp-content\/uploads\/2025\/12\/banner-2.jpg\" class=\"attachment-2048x2048 size-2048x2048 wp-image-662\" alt=\"\" srcset=\"https:\/\/granzuccheri.it\/wp-content\/uploads\/2025\/12\/banner-2.jpg 2026w, https:\/\/granzuccheri.it\/wp-content\/uploads\/2025\/12\/banner-2-300x150.jpg 300w, https:\/\/granzuccheri.it\/wp-content\/uploads\/2025\/12\/banner-2-1024x513.jpg 1024w, https:\/\/granzuccheri.it\/wp-content\/uploads\/2025\/12\/banner-2-768x384.jpg 768w, https:\/\/granzuccheri.it\/wp-content\/uploads\/2025\/12\/banner-2-1536x769.jpg 1536w\" sizes=\"(max-width: 2026px) 100vw, 2026px\" \/>\t\t\t\t\t\t\t\t\t\t\t\t\t\t\t<\/div>\n\t\t\t\t\t<\/div>\n\t\t\t\t<\/div>\n\t\t<div class=\"elementor-element elementor-element-1fe2fc6 e-flex e-con-boxed jltma-glass-effect-no e-con e-parent\" data-id=\"1fe2fc6\" data-element_type=\"container\">\n\t\t\t\t\t<div class=\"e-con-inner\">\n\t\t\t\t<div class=\"elementor-element elementor-element-830853e elementor-widget-divider--view-line jltma-glass-effect-no elementor-widget elementor-widget-divider\" data-id=\"830853e\" data-element_type=\"widget\" data-widget_type=\"divider.default\">\n\t\t\t\t\t\t\t<div class=\"elementor-divider\">\n\t\t\t<span class=\"elementor-divider-separator\">\n\t\t\t\t\t\t<\/span>\n\t\t<\/div>\n\t\t\t\t\t\t<\/div>\n\t\t\t\t\t<\/div>\n\t\t\t\t<\/div>\n\t\t<div class=\"elementor-element elementor-element-2683ca9 e-flex e-con-boxed jltma-glass-effect-no e-con e-parent\" data-id=\"2683ca9\" data-element_type=\"container\">\n\t\t\t\t\t<div class=\"e-con-inner\">\n\t\t<div class=\"elementor-element elementor-element-0406b47 e-con-full e-flex jltma-glass-effect-no e-con e-child\" data-id=\"0406b47\" data-element_type=\"container\">\n\t\t\t\t<div class=\"elementor-element elementor-element-f3a88da jltma-glass-effect-no elementor-widget elementor-widget-heading\" data-id=\"f3a88da\" data-element_type=\"widget\" data-widget_type=\"heading.default\">\n\t\t\t\t\t<h3 class=\"elementor-heading-title elementor-size-default\">Perch\u00e9 scegliere <b><i>Zucchero Ser\u00e0<\/i><\/b>: <\/h3>\t\t\t\t<\/div>\n\t\t\t\t<\/div>\n\t\t<div class=\"elementor-element elementor-element-43616cc e-con-full e-flex jltma-glass-effect-no e-con e-child\" data-id=\"43616cc\" data-element_type=\"container\">\n\t\t\t\t<div class=\"elementor-element elementor-element-7aa0766 jltma-glass-effect-no elementor-widget elementor-widget-heading\" data-id=\"7aa0766\" data-element_type=\"widget\" data-widget_type=\"heading.default\">\n\t\t\t\t\t<h3 class=\"elementor-heading-title elementor-size-default\">I nostri <b>4<\/b> punti di forza <\/h3>\t\t\t\t<\/div>\n\t\t\t\t<\/div>\n\t\t\t\t\t<\/div>\n\t\t\t\t<\/div>\n\t\t<div class=\"elementor-element elementor-element-9022d7c e-flex e-con-boxed jltma-glass-effect-no e-con e-parent\" data-id=\"9022d7c\" data-element_type=\"container\">\n\t\t\t\t\t<div class=\"e-con-inner\">\n\t\t<div class=\"elementor-element elementor-element-25f15c0 e-con-full e-flex jltma-glass-effect-no e-con e-child\" data-id=\"25f15c0\" data-element_type=\"container\">\n\t\t\t\t<div class=\"elementor-element elementor-element-84cf04e jltma-glass-effect-no elementor-widget elementor-widget-image\" data-id=\"84cf04e\" data-element_type=\"widget\" data-widget_type=\"image.default\">\n\t\t\t\t\t\t\t\t\t\t\t\t\t\t\t<img decoding=\"async\" width=\"800\" height=\"800\" src=\"https:\/\/granzuccheri.it\/wp-content\/uploads\/2025\/12\/ESPERIENZA-E-ALTRO.jpg\" class=\"attachment-large size-large wp-image-348\" alt=\"\" srcset=\"https:\/\/granzuccheri.it\/wp-content\/uploads\/2025\/12\/ESPERIENZA-E-ALTRO.jpg 800w, https:\/\/granzuccheri.it\/wp-content\/uploads\/2025\/12\/ESPERIENZA-E-ALTRO-300x300.jpg 300w, https:\/\/granzuccheri.it\/wp-content\/uploads\/2025\/12\/ESPERIENZA-E-ALTRO-150x150.jpg 150w, https:\/\/granzuccheri.it\/wp-content\/uploads\/2025\/12\/ESPERIENZA-E-ALTRO-768x768.jpg 768w\" sizes=\"(max-width: 800px) 100vw, 800px\" \/>\t\t\t\t\t\t\t\t\t\t\t\t\t\t\t<\/div>\n\t\t\t\t<\/div>\n\t\t<div class=\"elementor-element elementor-element-d46ce57 e-con-full e-flex jltma-glass-effect-no e-con e-child\" data-id=\"d46ce57\" data-element_type=\"container\">\n\t\t\t\t<div class=\"elementor-element elementor-element-5284eb9 jltma-glass-effect-no elementor-widget elementor-widget-text-editor\" data-id=\"5284eb9\" data-element_type=\"widget\" data-widget_type=\"text-editor.default\">\n\t\t\t\t\t\t\t\t\t<h2><strong>LA QUALITA&#8217;<\/strong><\/h2>\t\t\t\t\t\t\t\t<\/div>\n\t\t\t\t<div class=\"elementor-element elementor-element-c9a4cf7 jltma-glass-effect-no elementor-widget elementor-widget-text-editor\" data-id=\"c9a4cf7\" data-element_type=\"widget\" data-widget_type=\"text-editor.default\">\n\t\t\t\t\t\t\t\t\t<h2><strong>L&#8217;ESPERIENZA<\/strong><\/h2>\t\t\t\t\t\t\t\t<\/div>\n\t\t\t\t<div class=\"elementor-element elementor-element-0fdd087 jltma-glass-effect-no elementor-widget elementor-widget-text-editor\" data-id=\"0fdd087\" data-element_type=\"widget\" data-widget_type=\"text-editor.default\">\n\t\t\t\t\t\t\t\t\t<h2><strong>LA FLESSIBILITA&#8217;<\/strong><\/h2>\t\t\t\t\t\t\t\t<\/div>\n\t\t\t\t<div class=\"elementor-element elementor-element-73ace0f jltma-glass-effect-no elementor-widget elementor-widget-text-editor\" data-id=\"73ace0f\" data-element_type=\"widget\" data-widget_type=\"text-editor.default\">\n\t\t\t\t\t\t\t\t\t<h2><strong>IL SERVIZIO ALLE AZIENDE<\/strong><\/h2>\t\t\t\t\t\t\t\t<\/div>\n\t\t\t\t<\/div>\n\t\t\t\t\t<\/div>\n\t\t\t\t<\/div>\n\t\t<div class=\"elementor-element elementor-element-8f25952 e-flex e-con-boxed jltma-glass-effect-no e-con e-parent\" data-id=\"8f25952\" data-element_type=\"container\">\n\t\t\t\t\t<div class=\"e-con-inner\">\n\t\t\t\t<div class=\"elementor-element elementor-element-aad38e8 elementor-widget-divider--view-line jltma-glass-effect-no elementor-widget elementor-widget-divider\" data-id=\"aad38e8\" data-element_type=\"widget\" data-widget_type=\"divider.default\">\n\t\t\t\t\t\t\t<div class=\"elementor-divider\">\n\t\t\t<span class=\"elementor-divider-separator\">\n\t\t\t\t\t\t<\/span>\n\t\t<\/div>\n\t\t\t\t\t\t<\/div>\n\t\t\t\t\t<\/div>\n\t\t\t\t<\/div>\n\t\t<div class=\"elementor-element elementor-element-c8f942a e-flex e-con-boxed jltma-glass-effect-no e-con e-parent\" data-id=\"c8f942a\" data-element_type=\"container\">\n\t\t\t\t\t<div class=\"e-con-inner\">\n\t\t<div class=\"elementor-element elementor-element-e0ee60f e-con-full e-flex jltma-glass-effect-no e-con e-child\" data-id=\"e0ee60f\" data-element_type=\"container\">\n\t\t\t\t<div class=\"elementor-element elementor-element-210df9c jltma-glass-effect-no elementor-widget elementor-widget-heading\" data-id=\"210df9c\" data-element_type=\"widget\" data-widget_type=\"heading.default\">\n\t\t\t\t\t<h2 class=\"elementor-heading-title elementor-size-default\">Per chi lavoriamo:<\/h2>\t\t\t\t<\/div>\n\t\t\t\t<\/div>\n\t\t\t\t\t<\/div>\n\t\t\t\t<\/div>\n\t\t<div class=\"elementor-element elementor-element-0db77ba e-flex e-con-boxed jltma-glass-effect-no e-con e-parent\" data-id=\"0db77ba\" data-element_type=\"container\">\n\t\t\t\t\t<div class=\"e-con-inner\">\n\t\t<div class=\"elementor-element elementor-element-a66219d e-con-full e-flex jltma-glass-effect-no e-con e-child\" data-id=\"a66219d\" data-element_type=\"container\">\n\t\t\t\t<div class=\"elementor-element elementor-element-187b596 jltma-glass-effect-no elementor-widget elementor-widget-text-editor\" data-id=\"187b596\" data-element_type=\"widget\" data-widget_type=\"text-editor.default\">\n\t\t\t\t\t\t\t\t\t<h2><strong>INDUSTRIA ALIMENTARE<\/strong><\/h2>\t\t\t\t\t\t\t\t<\/div>\n\t\t\t\t<div class=\"elementor-element elementor-element-30c5f8e jltma-glass-effect-no elementor-widget elementor-widget-text-editor\" data-id=\"30c5f8e\" data-element_type=\"widget\" data-widget_type=\"text-editor.default\">\n\t\t\t\t\t\t\t\t\t<h2><strong>GRANDE DISTRIBUZIONE<\/strong><\/h2>\t\t\t\t\t\t\t\t<\/div>\n\t\t\t\t<div class=\"elementor-element elementor-element-ca43f2e jltma-glass-effect-no elementor-widget elementor-widget-text-editor\" data-id=\"ca43f2e\" data-element_type=\"widget\" data-widget_type=\"text-editor.default\">\n\t\t\t\t\t\t\t\t\t<h2><strong>DISTRIBUTORI<\/strong><\/h2>\t\t\t\t\t\t\t\t<\/div>\n\t\t\t\t<div class=\"elementor-element elementor-element-19631f8 jltma-glass-effect-no elementor-widget elementor-widget-text-editor\" data-id=\"19631f8\" data-element_type=\"widget\" data-widget_type=\"text-editor.default\">\n\t\t\t\t\t\t\t\t\t<h2><strong>SUPERMERCATI<\/strong><\/h2>\t\t\t\t\t\t\t\t<\/div>\n\t\t\t\t<\/div>\n\t\t<div class=\"elementor-element elementor-element-462c618 e-con-full e-flex jltma-glass-effect-no e-con e-child\" data-id=\"462c618\" data-element_type=\"container\">\n\t\t\t\t<div class=\"elementor-element elementor-element-8e618ad jltma-glass-effect-no elementor-widget elementor-widget-image\" data-id=\"8e618ad\" data-element_type=\"widget\" data-widget_type=\"image.default\">\n\t\t\t\t\t\t\t\t\t\t\t\t\t\t\t<img loading=\"lazy\" decoding=\"async\" width=\"1024\" height=\"1024\" src=\"https:\/\/granzuccheri.it\/wp-content\/uploads\/2025\/12\/collage-2.jpg\" class=\"attachment-large size-large wp-image-666\" alt=\"\" srcset=\"https:\/\/granzuccheri.it\/wp-content\/uploads\/2025\/12\/collage-2.jpg 1024w, https:\/\/granzuccheri.it\/wp-content\/uploads\/2025\/12\/collage-2-300x300.jpg 300w, https:\/\/granzuccheri.it\/wp-content\/uploads\/2025\/12\/collage-2-150x150.jpg 150w, https:\/\/granzuccheri.it\/wp-content\/uploads\/2025\/12\/collage-2-768x768.jpg 768w\" sizes=\"(max-width: 1024px) 100vw, 1024px\" \/>\t\t\t\t\t\t\t\t\t\t\t\t\t\t\t<\/div>\n\t\t\t\t<\/div>\n\t\t\t\t\t<\/div>\n\t\t\t\t<\/div>\n\t\t<div class=\"elementor-element elementor-element-79c1f32 e-flex e-con-boxed jltma-glass-effect-no e-con e-parent\" data-id=\"79c1f32\" data-element_type=\"container\">\n\t\t\t\t\t<div class=\"e-con-inner\">\n\t\t\t\t<div class=\"elementor-element elementor-element-61c0cd6 elementor-widget-divider--view-line jltma-glass-effect-no elementor-widget elementor-widget-divider\" data-id=\"61c0cd6\" data-element_type=\"widget\" data-widget_type=\"divider.default\">\n\t\t\t\t\t\t\t<div class=\"elementor-divider\">\n\t\t\t<span class=\"elementor-divider-separator\">\n\t\t\t\t\t\t<\/span>\n\t\t<\/div>\n\t\t\t\t\t\t<\/div>\n\t\t\t\t\t<\/div>\n\t\t\t\t<\/div>\n\t\t<div class=\"elementor-element elementor-element-b15c22d e-flex e-con-boxed jltma-glass-effect-no e-con e-parent\" data-id=\"b15c22d\" data-element_type=\"container\">\n\t\t\t\t\t<div class=\"e-con-inner\">\n\t\t\t\t<div class=\"elementor-element elementor-element-81ab318 jltma-glass-effect-no elementor-widget elementor-widget-heading\" data-id=\"81ab318\" data-element_type=\"widget\" data-widget_type=\"heading.default\">\n\t\t\t\t\t<h3 class=\"elementor-heading-title elementor-size-default\">Le nostre linee di zucchero da banco<\/h3>\t\t\t\t<\/div>\n\t\t\t\t\t<\/div>\n\t\t\t\t<\/div>\n\t\t<div class=\"elementor-element elementor-element-9c60392 e-flex e-con-boxed jltma-glass-effect-no e-con e-parent\" data-id=\"9c60392\" data-element_type=\"container\">\n\t\t\t\t\t<div class=\"e-con-inner\">\n\t\t<div class=\"elementor-element elementor-element-5f50bc9 e-con-full e-flex jltma-glass-effect-no e-con e-child\" data-id=\"5f50bc9\" data-element_type=\"container\">\n\t\t\t\t<div class=\"elementor-element elementor-element-48eef9d elementor-cta--skin-classic elementor-animated-content elementor-bg-transform elementor-bg-transform-zoom-in jltma-glass-effect-no elementor-widget elementor-widget-call-to-action\" data-id=\"48eef9d\" data-element_type=\"widget\" data-widget_type=\"call-to-action.default\">\n\t\t\t\t\t\t\t<div class=\"elementor-cta\">\r\n\t\t\t\t\t<div class=\"elementor-cta__bg-wrapper\">\r\n\t\t\t\t<div class=\"elementor-cta__bg elementor-bg\" style=\"background-image: url(https:\/\/granzuccheri.it\/wp-content\/uploads\/2025\/12\/Busta-zucchero-a-velo-2-1-862x1024.jpg);\" role=\"img\" aria-label=\"Busta zucchero a velo 2\"><\/div>\r\n\t\t\t\t<div class=\"elementor-cta__bg-overlay\"><\/div>\r\n\t\t\t<\/div>\r\n\t\t\t\t\t\t\t<div class=\"elementor-cta__content\">\r\n\t\t\t\t\r\n\t\t\t\t\r\n\t\t\t\t\t\t\t\t\t<div class=\"elementor-cta__description elementor-cta__content-item elementor-content-item\">\r\n\t\t\t\t\t\tZucchero a velo busta da 5 kg\t\t\t\t\t<\/div>\r\n\t\t\t\t\r\n\t\t\t\t\t\t\t\t\t<div class=\"elementor-cta__button-wrapper elementor-cta__content-item elementor-content-item \">\r\n\t\t\t\t\t<a class=\"elementor-cta__button elementor-button elementor-size-\" href=\"https:\/\/granzuccheri.it\/?page_id=301\">\r\n\t\t\t\t\t\tClicca per i dettagli\t\t\t\t\t<\/a>\r\n\t\t\t\t\t<\/div>\r\n\t\t\t\t\t\t\t<\/div>\r\n\t\t\t\t\t\t\t<div class=\"elementor-ribbon\">\r\n\t\t\t\t<div class=\"elementor-ribbon-inner\">\r\n\t\t\t\t\tBUSTA\t\t\t\t<\/div>\r\n\t\t\t<\/div>\r\n\t\t\t\t<\/div>\r\n\t\t\t\t\t\t<\/div>\n\t\t\t\t<\/div>\n\t\t<div class=\"elementor-element elementor-element-eecade5 e-con-full e-flex jltma-glass-effect-no e-con e-child\" data-id=\"eecade5\" data-element_type=\"container\">\n\t\t\t\t<div class=\"elementor-element elementor-element-8ab5348 elementor-cta--skin-classic elementor-animated-content elementor-bg-transform elementor-bg-transform-zoom-in jltma-glass-effect-no elementor-widget elementor-widget-call-to-action\" data-id=\"8ab5348\" data-element_type=\"widget\" data-widget_type=\"call-to-action.default\">\n\t\t\t\t\t\t\t<div class=\"elementor-cta\">\r\n\t\t\t\t\t<div class=\"elementor-cta__bg-wrapper\">\r\n\t\t\t\t<div class=\"elementor-cta__bg elementor-bg\" style=\"background-image: url(https:\/\/granzuccheri.it\/wp-content\/uploads\/2025\/12\/1-Sacchetto.jpg);\" role=\"img\" aria-label=\"1-Sacchetto\"><\/div>\r\n\t\t\t\t<div class=\"elementor-cta__bg-overlay\"><\/div>\r\n\t\t\t<\/div>\r\n\t\t\t\t\t\t\t<div class=\"elementor-cta__content\">\r\n\t\t\t\t\r\n\t\t\t\t\r\n\t\t\t\t\t\t\t\t\t<div class=\"elementor-cta__description elementor-cta__content-item elementor-content-item\">\r\n\t\t\t\t\t\tZucchero bianco\n in sacchetto da 1 kg\t\t\t\t\t<\/div>\r\n\t\t\t\t\r\n\t\t\t\t\t\t\t\t\t<div class=\"elementor-cta__button-wrapper elementor-cta__content-item elementor-content-item \">\r\n\t\t\t\t\t<a class=\"elementor-cta__button elementor-button elementor-size-\" href=\"https:\/\/granzuccheri.it\/?page_id=301\">\r\n\t\t\t\t\t\tClicca per i dettagli\t\t\t\t\t<\/a>\r\n\t\t\t\t\t<\/div>\r\n\t\t\t\t\t\t\t<\/div>\r\n\t\t\t\t\t\t\t<div class=\"elementor-ribbon\">\r\n\t\t\t\t<div class=\"elementor-ribbon-inner\">\r\n\t\t\t\t\tSACCHETTO\t\t\t\t<\/div>\r\n\t\t\t<\/div>\r\n\t\t\t\t<\/div>\r\n\t\t\t\t\t\t<\/div>\n\t\t\t\t<\/div>\n\t\t<div class=\"elementor-element elementor-element-c316b6e e-con-full e-flex jltma-glass-effect-no e-con e-child\" data-id=\"c316b6e\" data-element_type=\"container\">\n\t\t\t\t<div class=\"elementor-element elementor-element-64ae29b elementor-cta--skin-classic elementor-animated-content elementor-bg-transform elementor-bg-transform-zoom-in jltma-glass-effect-no elementor-widget elementor-widget-call-to-action\" data-id=\"64ae29b\" data-element_type=\"widget\" data-widget_type=\"call-to-action.default\">\n\t\t\t\t\t\t\t<div class=\"elementor-cta\">\r\n\t\t\t\t\t<div class=\"elementor-cta__bg-wrapper\">\r\n\t\t\t\t<div class=\"elementor-cta__bg elementor-bg\" style=\"background-image: url(https:\/\/granzuccheri.it\/wp-content\/uploads\/2025\/12\/1-Sacchetto-zuc-di-canna.jpg);\" role=\"img\" aria-label=\"1-Sacchetto zuc di canna\"><\/div>\r\n\t\t\t\t<div class=\"elementor-cta__bg-overlay\"><\/div>\r\n\t\t\t<\/div>\r\n\t\t\t\t\t\t\t<div class=\"elementor-cta__content\">\r\n\t\t\t\t\r\n\t\t\t\t\r\n\t\t\t\t\t\t\t\t\t<div class=\"elementor-cta__description elementor-cta__content-item elementor-content-item\">\r\n\t\t\t\t\t\tZucchero di canna in sacchetto da 1 kg\t\t\t\t\t<\/div>\r\n\t\t\t\t\r\n\t\t\t\t\t\t\t\t\t<div class=\"elementor-cta__button-wrapper elementor-cta__content-item elementor-content-item \">\r\n\t\t\t\t\t<a class=\"elementor-cta__button elementor-button elementor-size-\" href=\"https:\/\/granzuccheri.it\/?page_id=301\">\r\n\t\t\t\t\t\tClicca per i dettagli\t\t\t\t\t<\/a>\r\n\t\t\t\t\t<\/div>\r\n\t\t\t\t\t\t\t<\/div>\r\n\t\t\t\t\t\t\t<div class=\"elementor-ribbon\">\r\n\t\t\t\t<div class=\"elementor-ribbon-inner\">\r\n\t\t\t\t\tSACCHETTO\t\t\t\t<\/div>\r\n\t\t\t<\/div>\r\n\t\t\t\t<\/div>\r\n\t\t\t\t\t\t<\/div>\n\t\t\t\t<\/div>\n\t\t<div class=\"elementor-element elementor-element-2916060 e-con-full e-flex jltma-glass-effect-no e-con e-child\" data-id=\"2916060\" data-element_type=\"container\">\n\t\t\t\t<div class=\"elementor-element elementor-element-39df2a3 elementor-cta--skin-classic elementor-animated-content elementor-bg-transform elementor-bg-transform-zoom-in jltma-glass-effect-no elementor-widget elementor-widget-call-to-action\" data-id=\"39df2a3\" data-element_type=\"widget\" data-widget_type=\"call-to-action.default\">\n\t\t\t\t\t\t\t<div class=\"elementor-cta\">\r\n\t\t\t\t\t<div class=\"elementor-cta__bg-wrapper\">\r\n\t\t\t\t<div class=\"elementor-cta__bg elementor-bg\" style=\"background-image: url(https:\/\/granzuccheri.it\/wp-content\/uploads\/2025\/12\/1-Bustine.jpg);\" role=\"img\" aria-label=\"1-Bustine\"><\/div>\r\n\t\t\t\t<div class=\"elementor-cta__bg-overlay\"><\/div>\r\n\t\t\t<\/div>\r\n\t\t\t\t\t\t\t<div class=\"elementor-cta__content\">\r\n\t\t\t\t\r\n\t\t\t\t\r\n\t\t\t\t\t\t\t\t\t<div class=\"elementor-cta__description elementor-cta__content-item elementor-content-item\">\r\n\t\t\t\t\t\tZucchero in bustine sacchetto da 1 kg\t\t\t\t\t<\/div>\r\n\t\t\t\t\r\n\t\t\t\t\t\t\t\t\t<div class=\"elementor-cta__button-wrapper elementor-cta__content-item elementor-content-item \">\r\n\t\t\t\t\t<a class=\"elementor-cta__button elementor-button elementor-size-\" href=\"https:\/\/granzuccheri.it\/?page_id=301\">\r\n\t\t\t\t\t\tClicca per i dettagli\t\t\t\t\t<\/a>\r\n\t\t\t\t\t<\/div>\r\n\t\t\t\t\t\t\t<\/div>\r\n\t\t\t\t\t\t\t<div class=\"elementor-ribbon\">\r\n\t\t\t\t<div class=\"elementor-ribbon-inner\">\r\n\t\t\t\t\tSACCHETTO\t\t\t\t<\/div>\r\n\t\t\t<\/div>\r\n\t\t\t\t<\/div>\r\n\t\t\t\t\t\t<\/div>\n\t\t\t\t<\/div>\n\t\t\t\t\t<\/div>\n\t\t\t\t<\/div>\n\t\t<div class=\"elementor-element elementor-element-f83f5a4 e-con-full e-flex jltma-glass-effect-no e-con e-parent\" data-id=\"f83f5a4\" data-element_type=\"container\">\n\t\t\t\t<div class=\"elementor-element elementor-element-4cc3456 elementor-widget__width-inherit e-transform jltma-glass-effect-no elementor-widget elementor-widget-button\" data-id=\"4cc3456\" data-element_type=\"widget\" data-settings=\"{&quot;_transform_translateX_effect_hover&quot;:{&quot;unit&quot;:&quot;px&quot;,&quot;size&quot;:61,&quot;sizes&quot;:[]},&quot;_transform_translateX_effect_hover_tablet&quot;:{&quot;unit&quot;:&quot;px&quot;,&quot;size&quot;:&quot;&quot;,&quot;sizes&quot;:[]},&quot;_transform_translateX_effect_hover_mobile&quot;:{&quot;unit&quot;:&quot;px&quot;,&quot;size&quot;:&quot;&quot;,&quot;sizes&quot;:[]},&quot;_transform_translateY_effect_hover&quot;:{&quot;unit&quot;:&quot;px&quot;,&quot;size&quot;:&quot;&quot;,&quot;sizes&quot;:[]},&quot;_transform_translateY_effect_hover_tablet&quot;:{&quot;unit&quot;:&quot;px&quot;,&quot;size&quot;:&quot;&quot;,&quot;sizes&quot;:[]},&quot;_transform_translateY_effect_hover_mobile&quot;:{&quot;unit&quot;:&quot;px&quot;,&quot;size&quot;:&quot;&quot;,&quot;sizes&quot;:[]}}\" data-widget_type=\"button.default\">\n\t\t\t\t\t\t\t\t\t\t<a class=\"elementor-button elementor-button-link elementor-size-sm\" href=\"https:\/\/granzuccheri.it\/?page_id=793\">\n\t\t\t\t\t\t<span class=\"elementor-button-content-wrapper\">\n\t\t\t\t\t\t<span class=\"elementor-button-icon\">\n\t\t\t\t<i aria-hidden=\"true\" class=\"fab fa-product-hunt\"><\/i>\t\t\t<\/span>\n\t\t\t\t\t\t\t\t\t<span class=\"elementor-button-text\">Clicca qui per la gamma completa dei prodotti<\/span>\n\t\t\t\t\t<\/span>\n\t\t\t\t\t<\/a>\n\t\t\t\t\t\t\t\t<\/div>\n\t\t\t\t<\/div>\n\t\t\t\t<\/div>\n\t\t","protected":false},"excerpt":{"rendered":"<p>Zucchero Ser\u00e0 Zucchero fino e zucchero a velo per industria, GDO, distributori e supermercati. Perch\u00e9 scegliere Zucchero Ser\u00e0: I nostri 4 punti di forza LA QUALITA&#8217; L&#8217;ESPERIENZA LA FLESSIBILITA&#8217; IL SERVIZIO ALLE AZIENDE Per chi lavoriamo: INDUSTRIA ALIMENTARE GRANDE DISTRIBUZIONE DISTRIBUTORI SUPERMERCATI Le nostre linee di zucchero da banco Zucchero a velo busta da 5 &#8230; <a title=\"Home\" class=\"read-more\" href=\"https:\/\/granzuccheri.it\/\" aria-label=\"Per saperne di pi\u00f9 su Home\">Leggi tutto<\/a><\/p>\n","protected":false},"author":1,"featured_media":0,"parent":0,"menu_order":0,"comment_status":"closed","ping_status":"closed","template":"","meta":{"_acf_changed":false,"footnotes":""},"class_list":["post-256","page","type-page","status-publish"],"acf":[],"_links":{"self":[{"href":"https:\/\/granzuccheri.it\/index.php?rest_route=\/wp\/v2\/pages\/256","targetHints":{"allow":["GET"]}}],"collection":[{"href":"https:\/\/granzuccheri.it\/index.php?rest_route=\/wp\/v2\/pages"}],"about":[{"href":"https:\/\/granzuccheri.it\/index.php?rest_route=\/wp\/v2\/types\/page"}],"author":[{"embeddable":true,"href":"https:\/\/granzuccheri.it\/index.php?rest_route=\/wp\/v2\/users\/1"}],"replies":[{"embeddable":true,"href":"https:\/\/granzuccheri.it\/index.php?rest_route=%2Fwp%2Fv2%2Fcomments&post=256"}],"version-history":[{"count":77,"href":"https:\/\/granzuccheri.it\/index.php?rest_route=\/wp\/v2\/pages\/256\/revisions"}],"predecessor-version":[{"id":810,"href":"https:\/\/granzuccheri.it\/index.php?rest_route=\/wp\/v2\/pages\/256\/revisions\/810"}],"wp:attachment":[{"href":"https:\/\/granzuccheri.it\/index.php?rest_route=%2Fwp%2Fv2%2Fmedia&parent=256"}],"curies":[{"name":"wp","href":"https:\/\/api.w.org\/{rel}","templated":true}]}}