{"id":306,"date":"2025-12-09T12:02:03","date_gmt":"2025-12-09T11:02:03","guid":{"rendered":"https:\/\/granzuccheri.it\/?page_id=306"},"modified":"2025-12-12T12:16:11","modified_gmt":"2025-12-12T11:16:11","slug":"servizi-per-aziende","status":"publish","type":"page","link":"https:\/\/granzuccheri.it\/?page_id=306","title":{"rendered":"Servizi per aziende"},"content":{"rendered":"\t\t<div data-elementor-type=\"wp-page\" data-elementor-id=\"306\" class=\"elementor elementor-306\" data-elementor-post-type=\"page\">\n\t\t\t\t<div class=\"elementor-element elementor-element-c234dd1 e-flex e-con-boxed jltma-glass-effect-no e-con e-parent\" data-id=\"c234dd1\" data-element_type=\"container\">\n\t\t\t\t\t<div class=\"e-con-inner\">\n\t\t\t\t<div class=\"elementor-element elementor-element-5e18041 jltma-glass-effect-no elementor-widget elementor-widget-heading\" data-id=\"5e18041\" data-element_type=\"widget\" data-widget_type=\"heading.default\">\n\t\t\t\t\t<h2 class=\"elementor-heading-title elementor-size-default\">Servizi su misura per l\u2019industria alimentare<\/h2>\t\t\t\t<\/div>\n\t\t\t\t\t<\/div>\n\t\t\t\t<\/div>\n\t\t<div class=\"elementor-element elementor-element-922c6fa e-flex e-con-boxed jltma-glass-effect-no e-con e-parent\" data-id=\"922c6fa\" data-element_type=\"container\">\n\t\t\t\t\t<div class=\"e-con-inner\">\n\t\t<div class=\"elementor-element elementor-element-fef4298 e-con-full e-flex jltma-glass-effect-no e-con e-child\" data-id=\"fef4298\" data-element_type=\"container\">\n\t\t\t\t<div class=\"elementor-element elementor-element-d160f77 jltma-glass-effect-no elementor-widget elementor-widget-text-editor\" data-id=\"d160f77\" data-element_type=\"widget\" data-widget_type=\"text-editor.default\">\n\t\t\t\t\t\t\t\t\t<p><span style=\"color: #000000;\">Soluzioni complete di fornitura, macinazione e logistica dello zucchero per aziende che cercano qualit\u00e0, continuit\u00e0 e flessibilit\u00e0.<\/span><\/p>\t\t\t\t\t\t\t\t<\/div>\n\t\t\t\t<\/div>\n\t\t\t\t\t<\/div>\n\t\t\t\t<\/div>\n\t\t<div class=\"elementor-element elementor-element-84f9978 e-flex e-con-boxed jltma-glass-effect-no e-con e-parent\" data-id=\"84f9978\" data-element_type=\"container\">\n\t\t\t\t\t<div class=\"e-con-inner\">\n\t\t\t\t<div class=\"elementor-element elementor-element-731a91a jltma-glass-effect-no elementor-widget elementor-widget-image\" data-id=\"731a91a\" data-element_type=\"widget\" data-widget_type=\"image.default\">\n\t\t\t\t\t\t\t\t\t\t\t\t\t\t\t<img fetchpriority=\"high\" decoding=\"async\" width=\"768\" height=\"431\" src=\"https:\/\/granzuccheri.it\/wp-content\/uploads\/2025\/12\/Stretta-di-mano-768x431.jpg\" class=\"attachment-medium_large size-medium_large wp-image-450\" alt=\"\" srcset=\"https:\/\/granzuccheri.it\/wp-content\/uploads\/2025\/12\/Stretta-di-mano-768x431.jpg 768w, https:\/\/granzuccheri.it\/wp-content\/uploads\/2025\/12\/Stretta-di-mano-300x169.jpg 300w, https:\/\/granzuccheri.it\/wp-content\/uploads\/2025\/12\/Stretta-di-mano-scaled-e1765482896136.jpg 1024w, https:\/\/granzuccheri.it\/wp-content\/uploads\/2025\/12\/Stretta-di-mano-1536x863.jpg 1536w, https:\/\/granzuccheri.it\/wp-content\/uploads\/2025\/12\/Stretta-di-mano-2048x1151.jpg 2048w\" sizes=\"(max-width: 768px) 100vw, 768px\" \/>\t\t\t\t\t\t\t\t\t\t\t\t\t\t\t<\/div>\n\t\t\t\t\t<\/div>\n\t\t\t\t<\/div>\n\t\t<div class=\"elementor-element elementor-element-50f7bc3 e-flex e-con-boxed jltma-glass-effect-no e-con e-parent\" data-id=\"50f7bc3\" data-element_type=\"container\">\n\t\t\t\t\t<div class=\"e-con-inner\">\n\t\t\t\t<div class=\"elementor-element elementor-element-bcb1482 elementor-widget-divider--view-line jltma-glass-effect-no elementor-widget elementor-widget-divider\" data-id=\"bcb1482\" data-element_type=\"widget\" data-widget_type=\"divider.default\">\n\t\t\t\t\t\t\t<div class=\"elementor-divider\">\n\t\t\t<span class=\"elementor-divider-separator\">\n\t\t\t\t\t\t<\/span>\n\t\t<\/div>\n\t\t\t\t\t\t<\/div>\n\t\t\t\t\t<\/div>\n\t\t\t\t<\/div>\n\t\t<div class=\"elementor-element elementor-element-b1802f4 e-flex e-con-boxed jltma-glass-effect-no e-con e-parent\" data-id=\"b1802f4\" data-element_type=\"container\">\n\t\t\t\t\t<div class=\"e-con-inner\">\n\t\t\t\t<div class=\"elementor-element elementor-element-6d16428 jltma-glass-effect-no elementor-widget elementor-widget-heading\" data-id=\"6d16428\" data-element_type=\"widget\" data-widget_type=\"heading.default\">\n\t\t\t\t\t<h2 class=\"elementor-heading-title elementor-size-default\">Servizi principali<\/h2>\t\t\t\t<\/div>\n\t\t\t\t\t<\/div>\n\t\t\t\t<\/div>\n\t\t<div class=\"elementor-element elementor-element-f4ab1f0 e-flex e-con-boxed jltma-glass-effect-no e-con e-parent\" data-id=\"f4ab1f0\" data-element_type=\"container\">\n\t\t\t\t\t<div class=\"e-con-inner\">\n\t\t\t\t<div class=\"elementor-element elementor-element-0f90741 elementor-widget__width-initial jltma-glass-effect-no elementor-widget elementor-widget-timeline-widget-addon\" data-id=\"0f90741\" data-element_type=\"widget\" data-widget_type=\"timeline-widget-addon.default\">\n\t\t\t\t<div class=\"elementor-widget-container\">\n\t\t\t\t\t<!-- ========= Timeline Widget  Addon For Elementor 1.6.23 ========= -->\n<div id=\"twae-wrapper-0f90741\" class=\"twae-wrapper twae-horizontal-timeline\">\n<div class=\"twae-wrapper-inside\">\n <div id=\"twae-slider-container-0f90741\" data-dir=\"\" data-slidestoshow=\"2\" data-autoplay=\"true\" data-auto-height=\"true\" class=\"twae-slider-container swiper-container\">\n <div  class=\"twae-slider-wrapper swiper-wrapper no-height\"><!-- Start of Story Repeater Content --><div id=\"twae-article-c9ca593\" class=\"twae-repeater-item twae-story swiper-slide twae-story-no-icon\"><!-- Story Label --><div class=\"twae-labels\"><div class=\"twae-label-big\">Fornitura all\u2019ingrosso di zucchero<\/div><\/div><!-- Story Icon --><div class=\"twae-icon\"><i aria-hidden=\"true\" class=\"far fa-handshake\"><\/i><\/div><!-- Story Arrow --><div class=\"twae-arrow\"><\/div><!-- Start of Story Content --><div class=\"twae-content\"><!-- Story Image --><div class=\"twae-media medium_large\"><img decoding=\"async\" width=\"359\" height=\"359\" src=\"https:\/\/granzuccheri.it\/wp-content\/uploads\/2025\/12\/Fornitura1.png\" class=\"attachment-medium_large size-medium_large\" alt=\"\" srcset=\"https:\/\/granzuccheri.it\/wp-content\/uploads\/2025\/12\/Fornitura1.png 359w, https:\/\/granzuccheri.it\/wp-content\/uploads\/2025\/12\/Fornitura1-300x300.png 300w, https:\/\/granzuccheri.it\/wp-content\/uploads\/2025\/12\/Fornitura1-150x150.png 150w\" sizes=\"(max-width: 359px) 100vw, 359px\" \/><\/div><!-- Story Title --><div class=\"twae-title\">Fornitura<\/div><!-- Story Description --><div class=\"twae-description\"><p style=\"text-align: center\"><span style=\"color: #000000\">Fornitura di zucchero in diversi formati e tipologie (bianco, di canna, a diverse granulometrie), con lotti controllati e disponibilit\u00e0 costante.<\/span><br \/><span style=\"color: #000000\">Ideale per aziende che necessitano di volumi importanti, continuit\u00e0 nelle consegne e standard qualitativi omogenei.<\/span><\/p><\/div><\/div><\/div><!-- Start of Story Repeater Content --><div id=\"twae-article-6bc6cd5\" class=\"twae-repeater-item twae-story swiper-slide twae-story-no-icon\"><!-- Story Label --><div class=\"twae-labels\"><div class=\"twae-label-big twae-label-big\">Macinazione su misura<\/div><\/div><!-- Story Icon --><div class=\"twae-icon\"><i aria-hidden=\"true\" class=\"fas fa-angle-double-down\"><\/i><\/div><!-- Story Arrow --><div class=\"twae-arrow\"><\/div><!-- Start of Story Content --><div class=\"twae-content\"><!-- Story Image --><div class=\"twae-media large\"><img decoding=\"async\" width=\"359\" height=\"359\" src=\"https:\/\/granzuccheri.it\/wp-content\/uploads\/2025\/12\/Macinazione1.png\" class=\"attachment-large size-large\" alt=\"\" srcset=\"https:\/\/granzuccheri.it\/wp-content\/uploads\/2025\/12\/Macinazione1.png 359w, https:\/\/granzuccheri.it\/wp-content\/uploads\/2025\/12\/Macinazione1-300x300.png 300w, https:\/\/granzuccheri.it\/wp-content\/uploads\/2025\/12\/Macinazione1-150x150.png 150w\" sizes=\"(max-width: 359px) 100vw, 359px\" \/><\/div><!-- Story Title --><div class=\"twae-title twae-title\">Macinazione<\/div><!-- Story Description --><div class=\"twae-description twae-description\"><p style=\"text-align: center\"><span style=\"color: #000000\">Servizio di macinazione personalizzata per ottenere la granulometria pi\u00f9 adatta ai diversi processi produttivi (pasticceria, lievitati, bevande, preparati, ecc.).<\/span><br \/><span style=\"color: #000000\">Possibilit\u00e0 di studiare insieme al cliente specifiche tecniche del prodotto per performance costanti in linea di produzione.<\/span><\/p><\/div><\/div><\/div><!-- Start of Story Repeater Content --><div id=\"twae-article-9d71fe7\" class=\"twae-repeater-item twae-story swiper-slide twae-story-no-icon\"><!-- Story Label --><div class=\"twae-labels\"><div class=\"twae-label-big twae-label-big twae-label-big\">Confezionamento conto terzi \/ private label<\/div><\/div><!-- Story Icon --><div class=\"twae-icon\"><i aria-hidden=\"true\" class=\"fas fa-box-open\"><\/i><\/div><!-- Story Arrow --><div class=\"twae-arrow\"><\/div><!-- Start of Story Content --><div class=\"twae-content\"><!-- Story Image --><div class=\"twae-media large\"><img loading=\"lazy\" decoding=\"async\" width=\"359\" height=\"359\" src=\"https:\/\/granzuccheri.it\/wp-content\/uploads\/2025\/12\/confezionamento2.png\" class=\"attachment-large size-large\" alt=\"\" srcset=\"https:\/\/granzuccheri.it\/wp-content\/uploads\/2025\/12\/confezionamento2.png 359w, https:\/\/granzuccheri.it\/wp-content\/uploads\/2025\/12\/confezionamento2-300x300.png 300w, https:\/\/granzuccheri.it\/wp-content\/uploads\/2025\/12\/confezionamento2-150x150.png 150w\" sizes=\"(max-width: 359px) 100vw, 359px\" \/><\/div><!-- Story Title --><div class=\"twae-title twae-title twae-title\">Confezionamento<\/div><!-- Story Description --><div class=\"twae-description twae-description twae-description\"><p style=\"text-align: center\"><span style=\"color: #000000\">Confezionamento dello zucchero in sacchi, formati professionali o confezioni retail con marchio del cliente.<\/span><\/p><p style=\"text-align: center\"><span style=\"color: #000000\">Soluzione ideale per aziende e distributori che vogliono proporre una propria linea di zucchero senza investire in impianti dedicati.<\/span><\/p><\/div><\/div><\/div><!-- Start of Story Repeater Content --><div id=\"twae-article-22a37f2\" class=\"twae-repeater-item twae-story swiper-slide twae-story-no-icon\"><!-- Story Label --><div class=\"twae-labels\"><div class=\"twae-label-big twae-label-big twae-label-big twae-label-big\">Logistica dedicata<\/div><\/div><!-- Story Icon --><div class=\"twae-icon\"><i aria-hidden=\"true\" class=\"fas fa-warehouse\"><\/i><\/div><!-- Story Arrow --><div class=\"twae-arrow\"><\/div><!-- Start of Story Content --><div class=\"twae-content\"><!-- Story Image --><div class=\"twae-media large\"><img loading=\"lazy\" decoding=\"async\" width=\"359\" height=\"359\" src=\"https:\/\/granzuccheri.it\/wp-content\/uploads\/2025\/12\/Logistica1.png\" class=\"attachment-large size-large\" alt=\"\" srcset=\"https:\/\/granzuccheri.it\/wp-content\/uploads\/2025\/12\/Logistica1.png 359w, https:\/\/granzuccheri.it\/wp-content\/uploads\/2025\/12\/Logistica1-300x300.png 300w, https:\/\/granzuccheri.it\/wp-content\/uploads\/2025\/12\/Logistica1-150x150.png 150w\" sizes=\"(max-width: 359px) 100vw, 359px\" \/><\/div><!-- Story Title --><div class=\"twae-title twae-title twae-title twae-title\">Logistica<\/div><!-- Story Description --><div class=\"twae-description twae-description twae-description twae-description\"><p><span style=\"color: #000000\">Gestione completa di magazzino, stoccaggio e spedizioni, con pianificazione delle consegne su misura per i cicli produttivi dei clienti.<\/span><\/p><p><span style=\"color: #000000\">Possibilit\u00e0 di programmare forniture ricorrenti, ottimizzare i carichi e ridurre i tempi di fermo in produzione.<\/span><\/p><\/div><\/div><\/div><\/div><\/div><\/div> <!-- Add Arrows -->\n       <div class=\"twae-button-prev\"><i class=\"fas fa-chevron-left\"><\/i><\/div>\n       <div class=\"twae-button-next\"><i class=\"fas fa-chevron-right\"><\/i><\/div>\n       <div class=\"twae-h-line\"><\/div>\n       <div class=\"twae-line-fill\"><\/div>\n    <\/div><style type=\"text\/css\">@media (max-width: 1024px){ .twae-wrapper{--tw-ybx-size: 75px !important;}}@media (max-width: 767px){ .twae-wrapper{--tw-ybx-size: 75px !important}}<\/style>\t\t\t\t<\/div>\n\t\t\t\t<\/div>\n\t\t\t\t\t<\/div>\n\t\t\t\t<\/div>\n\t\t<div class=\"elementor-element elementor-element-f471088 e-flex e-con-boxed jltma-glass-effect-no e-con e-parent\" data-id=\"f471088\" data-element_type=\"container\">\n\t\t\t\t\t<div class=\"e-con-inner\">\n\t\t\t\t<div class=\"elementor-element elementor-element-989cce0 elementor-widget-divider--view-line jltma-glass-effect-no elementor-widget elementor-widget-divider\" data-id=\"989cce0\" data-element_type=\"widget\" data-widget_type=\"divider.default\">\n\t\t\t\t\t\t\t<div class=\"elementor-divider\">\n\t\t\t<span class=\"elementor-divider-separator\">\n\t\t\t\t\t\t<\/span>\n\t\t<\/div>\n\t\t\t\t\t\t<\/div>\n\t\t\t\t\t<\/div>\n\t\t\t\t<\/div>\n\t\t<div class=\"elementor-element elementor-element-64f5930 e-flex e-con-boxed jltma-glass-effect-no e-con e-parent\" data-id=\"64f5930\" data-element_type=\"container\">\n\t\t\t\t\t<div class=\"e-con-inner\">\n\t\t\t\t<div class=\"elementor-element elementor-element-7cc25b0 jltma-glass-effect-no elementor-widget elementor-widget-heading\" data-id=\"7cc25b0\" data-element_type=\"widget\" data-widget_type=\"heading.default\">\n\t\t\t\t\t<h2 class=\"elementor-heading-title elementor-size-default\">Settori che serviamo<\/h2>\t\t\t\t<\/div>\n\t\t\t\t\t<\/div>\n\t\t\t\t<\/div>\n\t\t<div class=\"elementor-element elementor-element-24f0fc4 e-flex e-con-boxed jltma-glass-effect-no e-con e-parent\" data-id=\"24f0fc4\" data-element_type=\"container\">\n\t\t\t\t\t<div class=\"e-con-inner\">\n\t\t<div class=\"elementor-element elementor-element-3d52ca9 e-grid e-con-full jltma-glass-effect-no e-con e-child\" data-id=\"3d52ca9\" data-element_type=\"container\">\n\t\t\t\t<div class=\"elementor-element elementor-element-f4d3188 jltma-glass-effect-no elementor-widget elementor-widget-text-editor\" data-id=\"f4d3188\" data-element_type=\"widget\" data-widget_type=\"text-editor.default\">\n\t\t\t\t\t\t\t\t\t<ul class=\"marker:text-quiet list-disc\"><li class=\"py-0 my-0 prose-p:pt-0 prose-p:mb-2 prose-p:my-0 [&amp;&gt;p]:pt-0 [&amp;&gt;p]:mb-2 [&amp;&gt;p]:my-0\"><p class=\"my-2 [&amp;+p]:mt-4 [&amp;_strong:has(+br)]:inline-block [&amp;_strong:has(+br)]:pb-2\"><span style=\"color: #000000;\"><strong>Industria dolciaria<\/strong><\/span><br \/><span style=\"color: #000000;\">Zuccheri specifici per prodotti da forno, snack dolci, creme e farciture, con requisiti di costanza e lavorabilit\u00e0 elevata.<\/span><\/p><\/li><\/ul>\t\t\t\t\t\t\t\t<\/div>\n\t\t\t\t<div class=\"elementor-element elementor-element-410f7be jltma-glass-effect-no elementor-widget elementor-widget-text-editor\" data-id=\"410f7be\" data-element_type=\"widget\" data-widget_type=\"text-editor.default\">\n\t\t\t\t\t\t\t\t\t<ul class=\"marker:text-quiet list-disc\"><li class=\"py-0 my-0 prose-p:pt-0 prose-p:mb-2 prose-p:my-0 [&amp;&gt;p]:pt-0 [&amp;&gt;p]:mb-2 [&amp;&gt;p]:my-0\"><p class=\"my-2 [&amp;+p]:mt-4 [&amp;_strong:has(+br)]:inline-block [&amp;_strong:has(+br)]:pb-2\"><span style=\"color: #000000;\"><strong>Panificazione<\/strong><\/span><br \/><span style=\"color: #000000;\">Soluzioni adatte a lievitati dolci e prodotti da forno industriali, con granulometrie studiate per impasti e processi continui.<\/span><\/p><\/li><\/ul>\t\t\t\t\t\t\t\t<\/div>\n\t\t\t\t<div class=\"elementor-element elementor-element-172e1dc jltma-glass-effect-no elementor-widget elementor-widget-text-editor\" data-id=\"172e1dc\" data-element_type=\"widget\" data-widget_type=\"text-editor.default\">\n\t\t\t\t\t\t\t\t\t<ul class=\"marker:text-quiet list-disc\"><li class=\"py-0 my-0 prose-p:pt-0 prose-p:mb-2 prose-p:my-0 [&amp;&gt;p]:pt-0 [&amp;&gt;p]:mb-2 [&amp;&gt;p]:my-0\"><p class=\"my-2 [&amp;+p]:mt-4 [&amp;_strong:has(+br)]:inline-block [&amp;_strong:has(+br)]:pb-2\"><span style=\"color: #000000;\"><strong>Pasticceria e laboratorio<\/strong><\/span><br \/><span style=\"color: #000000;\">Zucchero semolato, di canna, a velo e specialit\u00e0 per decorazioni, glassature e preparazioni fini.<\/span><\/p><\/li><\/ul>\t\t\t\t\t\t\t\t<\/div>\n\t\t\t\t<div class=\"elementor-element elementor-element-d43629f jltma-glass-effect-no elementor-widget elementor-widget-text-editor\" data-id=\"d43629f\" data-element_type=\"widget\" data-widget_type=\"text-editor.default\">\n\t\t\t\t\t\t\t\t\t<ul class=\"marker:text-quiet list-disc\"><li class=\"py-0 my-0 prose-p:pt-0 prose-p:mb-2 prose-p:my-0 [&amp;&gt;p]:pt-0 [&amp;&gt;p]:mb-2 [&amp;&gt;p]:my-0\"><p class=\"my-2 [&amp;+p]:mt-4 [&amp;_strong:has(+br)]:inline-block [&amp;_strong:has(+br)]:pb-2\"><span style=\"color: #000000;\"><strong>GDO e distribuzione organizzata<\/strong><\/span><br \/><span style=\"color: #000000;\">Private label e formati retail per scaffale, con servizio di confezionamento su marchio del cliente e gestione logistica integrata.<\/span><\/p><\/li><\/ul>\t\t\t\t\t\t\t\t<\/div>\n\t\t\t\t<div class=\"elementor-element elementor-element-492faee jltma-glass-effect-no elementor-widget elementor-widget-text-editor\" data-id=\"492faee\" data-element_type=\"widget\" data-widget_type=\"text-editor.default\">\n\t\t\t\t\t\t\t\t\t<ul class=\"marker:text-quiet list-disc\"><li class=\"py-0 my-0 prose-p:pt-0 prose-p:mb-2 prose-p:my-0 [&amp;&gt;p]:pt-0 [&amp;&gt;p]:mb-2 [&amp;&gt;p]:my-0\"><p class=\"my-2 [&amp;+p]:mt-4 [&amp;_strong:has(+br)]:inline-block [&amp;_strong:has(+br)]:pb-2\"><span style=\"color: #000000;\"><strong>Bar, ristorazione e catering<\/strong><\/span><br \/><span style=\"color: #000000;\">Formati pratici per consumo quotidiano (buste monodose, vaschette, sacchetti), pensati per bar, hotel, ristoranti e mense.<\/span><\/p><\/li><\/ul>\t\t\t\t\t\t\t\t<\/div>\n\t\t\t\t<div class=\"elementor-element elementor-element-cddefaf jltma-glass-effect-no elementor-widget elementor-widget-text-editor\" data-id=\"cddefaf\" data-element_type=\"widget\" data-widget_type=\"text-editor.default\">\n\t\t\t\t\t\t\t\t\t<ul class=\"marker:text-quiet list-disc\"><li class=\"py-0 my-0 prose-p:pt-0 prose-p:mb-2 prose-p:my-0 [&amp;&gt;p]:pt-0 [&amp;&gt;p]:mb-2 [&amp;&gt;p]:my-0\"><p class=\"my-2 [&amp;+p]:mt-4 [&amp;_strong:has(+br)]:inline-block [&amp;_strong:has(+br)]:pb-2\"><span style=\"color: #000000;\"><strong>Distributori e grossisti<\/strong><\/span><br \/><span style=\"color: #000000;\">Supporto dedicato per chi rivende zucchero a terzi, con ampia disponibilit\u00e0 di magazzino, assortimento e packaging personalizzabile.<\/span><\/p><\/li><\/ul>\t\t\t\t\t\t\t\t<\/div>\n\t\t\t\t<\/div>\n\t\t\t\t\t<\/div>\n\t\t\t\t<\/div>\n\t\t<div class=\"elementor-element elementor-element-9a94bcc e-flex e-con-boxed jltma-glass-effect-no e-con e-parent\" data-id=\"9a94bcc\" data-element_type=\"container\">\n\t\t\t\t\t<div class=\"e-con-inner\">\n\t\t\t\t<div class=\"elementor-element elementor-element-cb2c306 jltma-glass-effect-no elementor-widget elementor-widget-heading\" data-id=\"cb2c306\" data-element_type=\"widget\" data-widget_type=\"heading.default\">\n\t\t\t\t\t<h2 class=\"elementor-heading-title elementor-size-default\">Perch\u00e9 scegliere Granzuccheri srl<\/h2>\t\t\t\t<\/div>\n\t\t\t\t\t<\/div>\n\t\t\t\t<\/div>\n\t\t<div class=\"elementor-element elementor-element-fade818 e-flex e-con-boxed jltma-glass-effect-no e-con e-parent\" data-id=\"fade818\" data-element_type=\"container\">\n\t\t\t\t\t<div class=\"e-con-inner\">\n\t\t\t\t<div class=\"elementor-element elementor-element-5313bb5 jltma-glass-effect-no elementor-widget elementor-widget-text-editor\" data-id=\"5313bb5\" data-element_type=\"widget\" data-widget_type=\"text-editor.default\">\n\t\t\t\t\t\t\t\t\t<p class=\"my-2 [&amp;+p]:mt-4 [&amp;_strong:has(+br)]:inline-block [&amp;_strong:has(+br)]:pb-2\" style=\"text-align: center;\"><strong>Perch\u00e8 Granzuccheri srl richiama decisamente i tuoi valori, cio\u00e8<\/strong><strong>: <\/strong><\/p><p class=\"my-2 [&amp;+p]:mt-4 [&amp;_strong:has(+br)]:inline-block [&amp;_strong:has(+br)]:pb-2\" style=\"text-align: center;\"><strong>Qualit\u00e0, Affidabilit\u00e0, Flessibilit\u00e0, Attenzione al Cliente.<\/strong><\/p><p class=\"my-2 [&amp;+p]:mt-4 [&amp;_strong:has(+br)]:inline-block [&amp;_strong:has(+br)]:pb-2\" style=\"text-align: center;\"><strong>e perch\u00e8 Affianchiamo le Aziende in ogni fase, dalla scelta del Prodotto alla Consegna, con Soluzioni costruite intorno alle loro reali Esigenze.<\/strong><\/p>\t\t\t\t\t\t\t\t<\/div>\n\t\t\t\t\t<\/div>\n\t\t\t\t<\/div>\n\t\t\t\t<\/div>\n\t\t","protected":false},"excerpt":{"rendered":"<p>Servizi su misura per l\u2019industria alimentare Soluzioni complete di fornitura, macinazione e logistica dello zucchero per aziende che cercano qualit\u00e0, continuit\u00e0 e flessibilit\u00e0. Servizi principali Fornitura all\u2019ingrosso di zuccheroFornitura Fornitura di zucchero in diversi formati e tipologie (bianco, di canna, a diverse granulometrie), con lotti controllati e disponibilit\u00e0 costante.Ideale per aziende che necessitano di volumi &#8230; <a title=\"Servizi per aziende\" class=\"read-more\" href=\"https:\/\/granzuccheri.it\/?page_id=306\" aria-label=\"Per saperne di pi\u00f9 su Servizi per aziende\">Leggi tutto<\/a><\/p>\n","protected":false},"author":1,"featured_media":0,"parent":0,"menu_order":0,"comment_status":"closed","ping_status":"closed","template":"","meta":{"_acf_changed":false,"footnotes":""},"class_list":["post-306","page","type-page","status-publish"],"acf":[],"_links":{"self":[{"href":"https:\/\/granzuccheri.it\/index.php?rest_route=\/wp\/v2\/pages\/306","targetHints":{"allow":["GET"]}}],"collection":[{"href":"https:\/\/granzuccheri.it\/index.php?rest_route=\/wp\/v2\/pages"}],"about":[{"href":"https:\/\/granzuccheri.it\/index.php?rest_route=\/wp\/v2\/types\/page"}],"author":[{"embeddable":true,"href":"https:\/\/granzuccheri.it\/index.php?rest_route=\/wp\/v2\/users\/1"}],"replies":[{"embeddable":true,"href":"https:\/\/granzuccheri.it\/index.php?rest_route=%2Fwp%2Fv2%2Fcomments&post=306"}],"version-history":[{"count":46,"href":"https:\/\/granzuccheri.it\/index.php?rest_route=\/wp\/v2\/pages\/306\/revisions"}],"predecessor-version":[{"id":518,"href":"https:\/\/granzuccheri.it\/index.php?rest_route=\/wp\/v2\/pages\/306\/revisions\/518"}],"wp:attachment":[{"href":"https:\/\/granzuccheri.it\/index.php?rest_route=%2Fwp%2Fv2%2Fmedia&parent=306"}],"curies":[{"name":"wp","href":"https:\/\/api.w.org\/{rel}","templated":true}]}}